{"id":695,"date":"2022-05-05T04:12:10","date_gmt":"2022-05-05T04:12:10","guid":{"rendered":"https:\/\/poetahalley.com\/cliente\/raw\/politica-privacidad\/"},"modified":"2022-06-01T04:54:13","modified_gmt":"2022-06-01T04:54:13","slug":"privacy-policy","status":"publish","type":"page","link":"https:\/\/rawtrade.es\/es\/privacy-policy\/","title":{"rendered":"Privacy Policy"},"content":{"rendered":"\t\t<div data-elementor-type=\"wp-page\" data-elementor-id=\"695\" class=\"elementor elementor-695 elementor-3\" data-elementor-post-type=\"page\">\n\t\t\t\t\t\t<section class=\"elementor-section elementor-top-section elementor-element elementor-element-4b9e4e19 elementor-section-boxed elementor-section-height-default elementor-section-height-default\" data-id=\"4b9e4e19\" data-element_type=\"section\" data-settings=\"{&quot;background_background&quot;:&quot;classic&quot;}\">\n\t\t\t\t\t\t<div class=\"elementor-container elementor-column-gap-default\">\n\t\t\t\t\t<div class=\"elementor-column elementor-col-100 elementor-top-column elementor-element elementor-element-70d81296\" data-id=\"70d81296\" data-element_type=\"column\">\n\t\t\t<div class=\"elementor-widget-wrap elementor-element-populated\">\n\t\t\t\t\t\t<div class=\"elementor-element elementor-element-1330a2e3 elementor-widget elementor-widget-text-editor\" data-id=\"1330a2e3\" data-element_type=\"widget\" data-widget_type=\"text-editor.default\">\n\t\t\t\t<div class=\"elementor-widget-container\">\n\t\t\t\t\t\t\t\t\t<div data-id=\"e7ea76d\" data-element_type=\"widget\" data-widget_type=\"heading.default\"><div><h2>Pol\u00edtica de privacidad<\/h2><\/div><\/div><div data-id=\"14c96c89\" data-element_type=\"widget\" data-widget_type=\"text-editor.default\"><p>Raw Trade S.L., con NIF B97821565 y domicilio en Calle San Vicente M\u00e1rtir, 83 \u2013 8\u00baH, 46007 Valencia (ESPA\u00d1A), es consciente de la importancia de proteger su privacidad, por ello, ha facilitado esta Pol\u00edtica de Privacidad con la finalidad de comunicarla en la manera m\u00e1s transparente posible c\u00f3mo se utilizar\u00e1n sus datos personales en caso de que decida proporcion\u00e1rnoslos.<\/p><ol><li><strong>Principios que rigen el tratamiento de sus datos de car\u00e1cter personal.<\/strong><\/li><\/ol><p>El tratamiento de sus datos de car\u00e1cter personal por parte de Raw Trade S.L. se basar\u00e1 en los siguientes principios:<\/p><ul><li><strong>Principio de licitud:\u00a0<\/strong>S\u00f3lo ser tratar\u00e1n sus datos de car\u00e1cter personal en el caso de que haya prestado su consentimiento, o bien, exista otra base de legitimaci\u00f3n para el tratamiento establecida en la ley.<\/li><li><strong>Principio de transparencia:\u00a0<\/strong>Antes de tratar sus datos, recibir\u00e1 informaci\u00f3n concreta, transparente y accesible de las circunstancias del tratamiento.<\/li><li><strong>Principio de lealtad:\u00a0<\/strong>Sus datos personales no podr\u00e1n ser tratados de forma distinta a la comunicada.<\/li><li><strong>Principio de minimizaci\u00f3n de datos:\u00a0<\/strong>Los datos personales que solicitamos son adecuados, pertinentes y limitados a lo necesario en relaci\u00f3n con los fines para los que son tratados.<\/li><li><strong>Principio de limitaci\u00f3n del plazo de conservaci\u00f3n:\u00a0<\/strong>Sus datos s\u00f3lo ser\u00e1n tratados durante el tiempo necesario para la consecuci\u00f3n de los fines del tratamiento comunicados.<\/li><\/ul><div>\u00a0<\/div><ol start=\"2\"><li><strong>Transparencia.<\/strong><\/li><\/ol><p>De forma adicional a la presente pol\u00edtica, cada uno de los apartado y formularios dispuestos en la p\u00e1gina web a trav\u00e9s de los que se recogen datos de car\u00e1cter personal cuenta con informaci\u00f3n espec\u00edfica acerca del tratamiento de los datos obtenidos a trav\u00e9s de dicho canal.<\/p><p><strong>2.1. Descripci\u00f3n de la informaci\u00f3n facilitada.<\/strong><\/p><p>La informaci\u00f3n que encontrar\u00e1 en cada formulario y que se complementar\u00e1 con la \u201cInformaci\u00f3n Adicional\u201d facilitada en la presente Pol\u00edtica para cada formulario web, ser\u00e1 la siguiente:<\/p><table width=\"100%\"><tbody><tr><td width=\"535\"><p><strong>Informaci\u00f3n<\/strong><\/p><\/td><td width=\"534\"><p><strong>Descripci\u00f3n<\/strong><\/p><\/td><\/tr><tr><td width=\"535\"><p><strong>Responsable del tratamiento<\/strong><\/p><\/td><td width=\"534\"><p>Hace referencia a la identificaci\u00f3n de la empresa que va a tratar sus datos de car\u00e1cter personal, en este caso Raw Trade S.L.<\/p><\/td><\/tr><tr><td width=\"535\"><p><strong>Finalidad\/es<\/strong><\/p><\/td><td width=\"534\"><p>Se incluir\u00e1 el prop\u00f3sito o prop\u00f3sitos que se persiguen con el tratamiento de sus datos de car\u00e1cter personal.<\/p><\/td><\/tr><tr><td width=\"535\"><p><strong>Base jur\u00eddica del tratamiento<\/strong><\/p><\/td><td width=\"534\"><p>Cada formulario incluye la base jur\u00eddica que legitima del tratamiento de sus datos de car\u00e1cter personal, tanto en aquellos casos en los que se trate de su consentimiento como cualquier otra base reconocida por la legislaci\u00f3n vigente.<\/p><\/td><\/tr><tr><td width=\"535\"><p><strong>Destinatarios<\/strong><\/p><\/td><td width=\"534\"><p>Identidad o categor\u00edas de aquellos que puedan recibir la comunicaci\u00f3n de sus datos de car\u00e1cter personal.<\/p><\/td><\/tr><tr><td width=\"535\"><p><strong>Plazos de conservaci\u00f3n de los datos o criterios para su determinaci\u00f3n<\/strong><\/p><\/td><td width=\"534\"><p>Plazo o criterios para determinar el plazo durante el cual sus datos ser\u00e1n tratados para las finalidades comunicadas.<\/p><\/td><\/tr><tr><td width=\"535\"><p><strong>Existencia de decisiones automatizadas o elaboraci\u00f3n de perfiles<\/strong><\/p><\/td><td width=\"534\"><p>Cabe la posibilidad de que utilicemos herramientas de segmentaci\u00f3n con la finalidad de ofrecerle comunicaciones comerciales adaptadas a sus intereses. En el caso de que as\u00ed sea, le ofreceremos informaci\u00f3n concreta al respecto en el formulario de la p\u00e1gina web a trav\u00e9s del cual facilite sus datos.<\/p><\/td><\/tr><tr><td width=\"535\"><p><strong>Forma de prestar el consentimiento<\/strong><\/p><\/td><td width=\"534\"><p>En el caso de que su consentimiento sea necesario para el tratamiento de sus datos, se le informar\u00e1 de la acci\u00f3n requerida para considerar que ha prestado dicho consentimiento.<\/p><\/td><\/tr><tr><td width=\"535\"><p><strong>Consecuencias de la no prestaci\u00f3n del consentimiento<\/strong><\/p><\/td><td width=\"534\"><p>Cabe la posibilidad de que, si no nos presta su consentimiento, no podamos prestarle el servicio requerido.<\/p><\/td><\/tr><tr><td width=\"535\"><p><strong>Tratamientos en terceros pa\u00edses<\/strong><\/p><\/td><td width=\"534\"><p>En el caso de que sus datos vayan a ser tratados en pa\u00edses no pertenecientes a la Uni\u00f3n Europea, se le informar\u00e1 de la existencia o no de decisi\u00f3n de adecuaci\u00f3n de la Comisi\u00f3n Europea y\/o las garant\u00edas adoptadas para la protecci\u00f3n de sus datos.<\/p><\/td><\/tr><tr><td width=\"535\"><p><strong>Ejercicio de sus derechos<\/strong><\/p><\/td><td width=\"534\"><p>Ver apartado 3.<\/p><\/td><\/tr><tr><td width=\"535\"><p><strong>Datos de contacto del Delegado de Protecci\u00f3n de Dato o Data Protection Officer (DPO)<\/strong><\/p><\/td><td width=\"534\"><p>Ver apartado 4.<\/p><\/td><\/tr><\/tbody><\/table><p><strong>2.2. Informaci\u00f3n espec\u00edfica sobre el tratamiento de sus datos de car\u00e1cter personal facilitados a trav\u00e9s de cada apartado web.<\/strong><\/p><ol><li><strong>a) Apartado \u201cCONTACTO Incidencia o queja\u201d<\/strong><\/li><\/ol><p>INFORMACI\u00d3N ADICIONAL DE PROTECCI\u00d3N DE DATOS<\/p><table width=\"100%\"><tbody><tr><td width=\"535\"><p><strong>Responsable<\/strong><\/p><\/td><td width=\"534\"><p>El responsable del tratamiento de sus datos ser\u00e1 Raw Trade S.L. con domicilio en Calle San Vicente M\u00e1rtir, 83 \u2013 8\u00baH<br \/>46007 Valencia (Espa\u00f1a).<\/p><\/td><\/tr><tr><td width=\"535\"><p><strong>Finalidad\/es<\/strong><\/p><\/td><td width=\"534\"><p>La finalidad del tratamiento de los datos de car\u00e1cter personal facilitados a trav\u00e9s del presente formulario es la de resolver la consulta que nos plantea acerca de una incidencia o queja. En el caso de que no acepte el tratamiento de sus datos de car\u00e1cter personal, no podremos atender su consulta.<br \/>Adicionalmente, podremos utilizar sus datos de forma anonimizada para realizar un seguimiento estad\u00edstico de nuestro servicio de atenci\u00f3n al usuario, considerando que contamos con un inter\u00e9s leg\u00edtimo en la mejora continua de los procesos internos de respuesta.<\/p><\/td><\/tr><tr><td width=\"535\"><p><strong>Destinatarios<\/strong><\/p><\/td><td width=\"534\"><p>Los datos de car\u00e1cter personal que nos facilite a trav\u00e9s de la p\u00e1gina web no ser\u00e1n comunicados a terceros, salvo en el caso de que fuesen requeridos por una autoridad administrativa o judicial. No obstante, tendr\u00e1n acceso a sus datos aquellas empresas que nos presten servicios que requieran de dicho acceso, como empresas de servicios inform\u00e1ticos o de desarrollo web. Todos ellos est\u00e1n obligados contractualmente a mantener la confidencialidad de sus datos y a no utilizarlos para otra finalidad distinta al servicio que nos prestan.<\/p><p>Si lo desea, puede solicitar un listado completo de las categor\u00edas de proveedores que tendr\u00e1n acceso a sus datos en la direcci\u00f3n indicada en la presente Pol\u00edtica.<\/p><\/td><\/tr><tr><td width=\"535\"><p><strong>Plazos de conservaci\u00f3n<\/strong><\/p><\/td><td width=\"534\"><p>Sus datos ser\u00e1n tratados hasta la resoluci\u00f3n de consulta. Posteriormente podr\u00e1n ser conservados anonimizados con fines estad\u00edsticos y de mejora de la calidad del servicio.<\/p><\/td><\/tr><tr><td width=\"535\"><p><strong>Derechos<\/strong><\/p><\/td><td width=\"534\"><p>Puede ejercitar sus derechos de accesos, rectificaci\u00f3n, supresi\u00f3n, oposici\u00f3n limitaci\u00f3n y portabilidad, as\u00ed como efectuar cualquier consulta acerca del tratamiento de sus datos de car\u00e1cter personal, dirigi\u00e9ndose al Data Protection Officer (DPO) a trav\u00e9s de los siguientes canales:<\/p><p>\u2022 Calle San Vicente M\u00e1rtir, 83 \u2013 8\u00baH. 46007 Valencia (Espa\u00f1a).<br \/>\u2022 Correo electr\u00f3nico: admin@rawtrade.es<\/p><p>Recuerde acompa\u00f1ar copia de DNI para que podamos verificar su identidad.<\/p><p>Puede obtener m\u00e1s informaci\u00f3n acerca de sus derechos en los apartados 3 y 4 de la presente Pol\u00edtica.<\/p><p>En el caso de no estar conforme con el tratamiento de sus datos de car\u00e1cter personal, puede dirigirse a la Agencia Espa\u00f1ola de Protecci\u00f3n de Datos.<\/p><\/td><\/tr><\/tbody><\/table><h2><b><br \/>Nota Legal<\/b><\/h2><p>El presente aviso legal regula el uso del servicio de Internet www.rawtrade.com (en adelante, la \u00abWeb\u00bb) de la empresa Raw Trade S.L. con domicilio social en Calle San Vicente M\u00e1rtir, 83 \u2013 8\u00baH. 46007 Valencia (Espa\u00f1a).<\/p><p>Todos los productos y servicios contenidos en la presente web son prestados por Raw Trade S.L. de conformidad con la normativa vigente en materia servicios telem\u00e1ticos.<\/p><p>La visita y utilizaci\u00f3n de esta web le atribuye la condici\u00f3n de usuario y le compromete a utilizar la p\u00e1gina web, sus distintas secciones y servicios de conformidad con la ley, con estas Condiciones Generales, y con las buenas costumbres generalmente aceptadas.<\/p><p><b>Condiciones generales de uso<\/b><\/p><p>Las p\u00e1ginas web de Raw Trade S.L. tienen por objeto facilitar a sus clientes, y al p\u00fablico en general, informaci\u00f3n relativa a los servicios que ofrece, tarifas, contratos, etc.<\/p><p>Raw Trade S.L. posee un amplio n\u00famero de secciones y servicios que pueden modificarse, eliminarse o sustituirse por otros a discreci\u00f3n de su propietario, por lo que no se responsabiliza de cualquier circunstancia que se derive de tal motivo.<\/p><p>Raw Trade S.L. no concede ninguna licencia o autorizaci\u00f3n de uso de ninguna clase sobre sus derechos de propiedad industrial e intelectual. El contenido de esta p\u00e1gina est\u00e1 protegido por las correspondientes leyes de copyright y propiedad intelectual e industrial. Asimismo, tampoco se pretende en ning\u00fan caso vulnerar derechos de propiedad intelectual o industrial de terceros, ni perturbar su disfrute, por lo que si alg\u00fan usuario o un tercero entiende que se est\u00e1 vulnerando alguno de los derechos rese\u00f1ados, rogamos se dirija a la direcci\u00f3n administracion@fundacionquaes.com y nos remita la supuesta vulnerabilidad y, en su caso, el derecho en que fundamenta su pretensi\u00f3n.<\/p><p>Tampoco ser\u00e1 responsable Raw Trade S.L. de los fallos que pudieran suceder con motivo de las comunicaciones, incluido el borrado, transmisi\u00f3n incompleta o retrasos en la remisi\u00f3n, ni en caso de que un tercero ajeno a la empresa, quebrantando ilegalmente las medidas de seguridad, pueda remitir virus inform\u00e1ticos. El usuario reconoce y acepta expresamente que Raw Trade S.L. no ser\u00e1 responsable en ning\u00fan caso por cualquier da\u00f1o relacionado directa o indirectamente con el uso o la imposibilidad de usar el web ni ninguna de las secciones o servicios que contiene, ni por ninguna de las circunstancias anteriormente rese\u00f1adas, por lo que no podr\u00e1 reclamar a Raw Trade S.L. ning\u00fan tipo de indemnizaci\u00f3n por tales conceptos.<\/p><p>Se obliga a los usuarios a que respeten la legislaci\u00f3n y las buenas costumbres en materia de spam (correo no solicitado), tanto en relaci\u00f3n con Raw Trade S.L. , como con las terceras personas con las que pueda contactar, directa o indirectamente, a trav\u00e9s de esta web.<\/p><p>Las p\u00e1ginas web de Raw Trade S.L. no se pueden copiar, transmitir, almacenar en alg\u00fan formato legible por una m\u00e1quina o reproducir, adaptar o utilizar de cualquier otra manera sin el permiso por escrito de esta empresa.<\/p><p>Estas Condiciones Generales, as\u00ed como todo lo relativo a la actividad comercial de la p\u00e1gina, se rigen por la legislaci\u00f3n espa\u00f1ola. Al utilizar este web el usuario se somete expresamente para resolver cualquier cuesti\u00f3n judicialmente al fuero de los juzgados y tribunales de la ciudad de VALENCIA.<\/p><p>Raw Trade S.L. se reserva la facultad de efectuar, en cualquier momento, modificaciones en la informaci\u00f3n contenida en estas p\u00e1ginas web. Asimismo no se compromete a la actualizaci\u00f3n inmediata de la informaci\u00f3n contenida en esta web.<\/p><p>Raw Trade S.L. se reserva la facultad de suspender el acceso a sus p\u00e1ginas web en cualquier momento y sin previo aviso.<\/p><p>Toda la informaci\u00f3n recibida en estas p\u00e1ginas web, tal como comentarios, sugerencias o ideas, se considerar\u00e1 cedida a Raw Trade S.L. a t\u00edtulo gratuito. Por favor, no env\u00ede informaci\u00f3n que no pueda ser tratada de esta forma.<\/p><p>Todos los logotipos, productos y servicios que se muestran en estas p\u00e1ginas web y que no son propiedad de Raw Trade S.L. , son marcas registradas de sus respectivos propietarios y son reconocidas como tales por Raw Trade S.L. . Estos aparecen en esta web a efectos de publicidad e informaci\u00f3n. Sus propietarios pueden solicitar la modificaci\u00f3n o eliminaci\u00f3n de la informaci\u00f3n contenida en estas p\u00e1ginas web que les concierna. La aparici\u00f3n de estas terceras marcas no implica necesariamente la recomendaci\u00f3n de las mismas.<\/p><h2>Pol\u00edtica de cookies<\/h2><p>rawtrade.com utiliza Cookies para personalizar y facilitar al m\u00e1ximo la navegaci\u00f3n del usuario. Las Cookies se asocian \u00fanicamente a un usuario an\u00f3nimo y su ordenador y no proporcionan referencias que permitan deducir datos personales del usuario. El usuario podr\u00e1 configurar su navegador para que notifique y rechace la instalaci\u00f3n de las Cookies enviadas por nuestra web ascires.com, sin que ello afecte la posibilidad del usuario de acceder a los Contenidos. Sin embargo, ponemos en su conocimiento que, en todo caso, la calidad de funcionamiento de la p\u00e1gina Web puede disminuir.<\/p><p>La finalidad de las Cookies es la de facilitar al Usuario un acceso m\u00e1s r\u00e1pido a los Servicios seleccionados. Adem\u00e1s, las Cookies personalizan los Servicios que ofrece nuestra web, facilitando y ofreciendo a cada usuario informaci\u00f3n que es de su inter\u00e9s o que puede ser de su inter\u00e9s, en atenci\u00f3n al uso que realiza de los Servicios.<\/p><\/div>\t\t\t\t\t\t\t\t<\/div>\n\t\t\t\t<\/div>\n\t\t\t\t\t<\/div>\n\t\t<\/div>\n\t\t\t\t\t<\/div>\n\t\t<\/section>\n\t\t\t\t<\/div>\n\t\t","protected":false},"excerpt":{"rendered":"<p>Pol\u00edtica de privacidad Raw Trade S.L., con NIF B97821565 y domicilio en Calle San Vicente M\u00e1rtir, 83 \u2013 8\u00baH, 46007 Valencia (ESPA\u00d1A), es consciente de la importancia de proteger su privacidad, por ello, ha facilitado esta Pol\u00edtica de Privacidad con la finalidad de comunicarla en la manera m\u00e1s transparente posible c\u00f3mo se utilizar\u00e1n sus datos [&hellip;]<\/p>\n","protected":false},"author":1,"featured_media":0,"parent":0,"menu_order":0,"comment_status":"closed","ping_status":"open","template":"","meta":{"inline_featured_image":false,"footnotes":""},"class_list":["post-695","page","type-page","status-publish","hentry"],"_links":{"self":[{"href":"https:\/\/rawtrade.es\/es\/wp-json\/wp\/v2\/pages\/695","targetHints":{"allow":["GET"]}}],"collection":[{"href":"https:\/\/rawtrade.es\/es\/wp-json\/wp\/v2\/pages"}],"about":[{"href":"https:\/\/rawtrade.es\/es\/wp-json\/wp\/v2\/types\/page"}],"author":[{"embeddable":true,"href":"https:\/\/rawtrade.es\/es\/wp-json\/wp\/v2\/users\/1"}],"replies":[{"embeddable":true,"href":"https:\/\/rawtrade.es\/es\/wp-json\/wp\/v2\/comments?post=695"}],"version-history":[{"count":43,"href":"https:\/\/rawtrade.es\/es\/wp-json\/wp\/v2\/pages\/695\/revisions"}],"predecessor-version":[{"id":769,"href":"https:\/\/rawtrade.es\/es\/wp-json\/wp\/v2\/pages\/695\/revisions\/769"}],"wp:attachment":[{"href":"https:\/\/rawtrade.es\/es\/wp-json\/wp\/v2\/media?parent=695"}],"curies":[{"name":"wp","href":"https:\/\/api.w.org\/{rel}","templated":true}]}}