{"id":642,"date":"2022-05-17T18:24:35","date_gmt":"2022-05-17T18:24:35","guid":{"rendered":"https:\/\/poetahalley.com\/cliente\/raw\/sobre-nosotros\/"},"modified":"2022-05-26T03:29:51","modified_gmt":"2022-05-26T03:29:51","slug":"sobre-nosotros","status":"publish","type":"page","link":"https:\/\/rawtrade.es\/es\/sobre-nosotros\/","title":{"rendered":"Sobre nosotros"},"content":{"rendered":"\t\t<div data-elementor-type=\"wp-page\" data-elementor-id=\"642\" class=\"elementor elementor-642 elementor-487\" data-elementor-post-type=\"page\">\n\t\t\t\t\t\t<section class=\"elementor-section elementor-top-section elementor-element elementor-element-3783aeb elementor-section-full_width elementor-section-height-min-height elementor-section-content-middle elementor-section-height-default elementor-section-items-middle\" data-id=\"3783aeb\" data-element_type=\"section\" data-settings=\"{&quot;background_background&quot;:&quot;classic&quot;}\">\n\t\t\t\t\t\t\t<div class=\"elementor-background-overlay\"><\/div>\n\t\t\t\t\t\t\t<div class=\"elementor-container elementor-column-gap-no\">\n\t\t\t\t\t<div class=\"elementor-column elementor-col-50 elementor-top-column elementor-element elementor-element-9f2c342\" data-id=\"9f2c342\" data-element_type=\"column\" data-settings=\"{&quot;background_background&quot;:&quot;classic&quot;}\">\n\t\t\t<div class=\"elementor-widget-wrap elementor-element-populated\">\n\t\t\t\t\t<div class=\"elementor-background-overlay\"><\/div>\n\t\t\t\t\t\t<div class=\"elementor-element elementor-element-56c157f elementor-widget elementor-widget-spacer\" data-id=\"56c157f\" data-element_type=\"widget\" data-widget_type=\"spacer.default\">\n\t\t\t\t<div class=\"elementor-widget-container\">\n\t\t\t\t\t\t\t<div class=\"elementor-spacer\">\n\t\t\t<div class=\"elementor-spacer-inner\"><\/div>\n\t\t<\/div>\n\t\t\t\t\t\t<\/div>\n\t\t\t\t<\/div>\n\t\t\t\t\t<\/div>\n\t\t<\/div>\n\t\t\t\t<div class=\"elementor-column elementor-col-50 elementor-top-column elementor-element elementor-element-49cc4b0\" data-id=\"49cc4b0\" data-element_type=\"column\" data-settings=\"{&quot;background_background&quot;:&quot;classic&quot;}\">\n\t\t\t<div class=\"elementor-widget-wrap elementor-element-populated\">\n\t\t\t\t\t\t<div class=\"elementor-element elementor-element-8357d53 elementor-widget elementor-widget-heading\" data-id=\"8357d53\" data-element_type=\"widget\" data-widget_type=\"heading.default\">\n\t\t\t\t<div class=\"elementor-widget-container\">\n\t\t\t\t\t<h2 class=\"elementor-heading-title elementor-size-default\">Sobre nosotros<\/h2>\t\t\t\t<\/div>\n\t\t\t\t<\/div>\n\t\t\t\t\t<\/div>\n\t\t<\/div>\n\t\t\t\t\t<\/div>\n\t\t<\/section>\n\t\t\t\t<section class=\"elementor-section elementor-top-section elementor-element elementor-element-41f628f elementor-section-content-top elementor-section-boxed elementor-section-height-default elementor-section-height-default\" data-id=\"41f628f\" data-element_type=\"section\" data-settings=\"{&quot;background_background&quot;:&quot;classic&quot;}\">\n\t\t\t\t\t\t\t<div class=\"elementor-background-overlay\"><\/div>\n\t\t\t\t\t\t\t<div class=\"elementor-container elementor-column-gap-wider\">\n\t\t\t\t\t<div class=\"elementor-column elementor-col-50 elementor-top-column elementor-element elementor-element-9521891\" data-id=\"9521891\" data-element_type=\"column\">\n\t\t\t<div class=\"elementor-widget-wrap elementor-element-populated\">\n\t\t\t\t\t\t<div class=\"elementor-element elementor-element-c26af51 elementor-widget elementor-widget-image\" data-id=\"c26af51\" data-element_type=\"widget\" data-widget_type=\"image.default\">\n\t\t\t\t<div class=\"elementor-widget-container\">\n\t\t\t\t\t\t\t\t\t\t\t\t\t\t\t<img decoding=\"async\" width=\"244\" height=\"152\" src=\"https:\/\/rawtrade.es\/wp-content\/uploads\/2022\/05\/rawtrade_vertical.svg\" class=\"attachment-large size-large wp-image-581\" alt=\"\" \/>\t\t\t\t\t\t\t\t\t\t\t\t\t\t\t<\/div>\n\t\t\t\t<\/div>\n\t\t\t\t<div class=\"elementor-element elementor-element-c88bbd9 elementor-widget elementor-widget-text-editor\" data-id=\"c88bbd9\" data-element_type=\"widget\" data-widget_type=\"text-editor.default\">\n\t\t\t\t<div class=\"elementor-widget-container\">\n\t\t\t\t\t\t\t\t\t<p>Raw Trade, S.L. es una empresa fundada en 2006 por la familia Barrera, una familia con m\u00e1s de 80 a\u00f1os de presencia y experiencia en la industria de fertilizantes en Espa\u00f1a. Nuestros or\u00edgenes se remontan a 1940, con la creaci\u00f3n y gesti\u00f3n en Canarias de Industrias Qu\u00edmicas Canarias S.A. por Don Ismael Barrera Juan para la producci\u00f3n y comercializaci\u00f3n de Superfosfatos y Fertilizantes NPKs. Posteriormente, en 1950, se funda en Las Palmas la Compa\u00f1\u00eda Insular del Nitrogeno S.A. (CINSA) para producir Sulfato de Amonio. Su hijo Don Jos\u00e9 Vicente Barrera Pic\u00f3 seguir\u00eda sus pasos como Director General de hasta 5 f\u00e1bricas repartidas por toda Espa\u00f1a. Actualmente, Raw Trade S.L. es administrada por sus sucesores y se dedica a las siguientes actividades:<\/p><ul><li>Comercializaci\u00f3n de commodities y materias primas: fertilizantes, bauxita, azufre, forrajes animales y productos cementicios (Clinker, cemento, escorias, yeso, caliza&#8230;).<\/li><li>Fletamento de barcos.<\/li><li>Importaci\u00f3n y distribuci\u00f3n de fertilizantes en Espa\u00f1a.<\/li><\/ul>\t\t\t\t\t\t\t\t<\/div>\n\t\t\t\t<\/div>\n\t\t\t\t\t<\/div>\n\t\t<\/div>\n\t\t\t\t<div class=\"elementor-column elementor-col-50 elementor-top-column elementor-element elementor-element-6c687e8\" data-id=\"6c687e8\" data-element_type=\"column\">\n\t\t\t<div class=\"elementor-widget-wrap elementor-element-populated\">\n\t\t\t\t\t\t<div class=\"elementor-element elementor-element-1caf392 elementor-widget elementor-widget-image\" data-id=\"1caf392\" data-element_type=\"widget\" data-widget_type=\"image.default\">\n\t\t\t\t<div class=\"elementor-widget-container\">\n\t\t\t\t\t\t\t\t\t\t\t\t\t\t\t<img decoding=\"async\" width=\"179\" height=\"71\" src=\"https:\/\/rawtrade.es\/wp-content\/uploads\/2022\/05\/grupo_medifer_logo.svg\" class=\"attachment-large size-large wp-image-619\" alt=\"\" \/>\t\t\t\t\t\t\t\t\t\t\t\t\t\t\t<\/div>\n\t\t\t\t<\/div>\n\t\t\t\t<div class=\"elementor-element elementor-element-431f4a6 elementor-widget elementor-widget-text-editor\" data-id=\"431f4a6\" data-element_type=\"widget\" data-widget_type=\"text-editor.default\">\n\t\t\t\t<div class=\"elementor-widget-container\">\n\t\t\t\t\t\t\t\t\t<p>Formamos parte del Grupo Medifer, uno de los principales actores en la producci\u00f3n y distribuci\u00f3n de fertilizantes en Espa\u00f1a, en el que la familia Barrera tiene participaci\u00f3n en las siguientes empresas:<\/p><ul><li><b>Medifer (Constantino Guti\u00e9rrez, S.A.):<\/b> empresa fundada en 1972 con sede en Alicante que es una de las empresas l\u00edderes en Espa\u00f1a en la fabricaci\u00f3n y distribuci\u00f3n de fertilizantes tanto s\u00f3lidos como l\u00edquidos. <a href=\"http:\/\/www.medifer.es\" target=\"_blank\" rel=\"noopener\">www.medifer.es<\/a><\/li><li><b>Fertisac S.L.:<\/b> f\u00e1brica de superfosfatos, NPKs granulados y fertilizantes l\u00edquidos ubicada en Atarfe (Granada). <a href=\"http:\/\/www.fertisac.es\" target=\"_blank\" rel=\"noopener\">www.fertisac.es<\/a><\/li><li><b>COFEPASA (Comercial de Fertilizantes y Productos Agrarios S.A.):<\/b> empresa fundada en 1986 con sede en Monz\u00f3n (Huesca) dedicada a la importaci\u00f3n, distribuci\u00f3n y fabricaci\u00f3n de fertilizantes tanto s\u00f3lidos como l\u00edquidos. <a href=\"http:\/\/www.cofepasa.com\" target=\"_blank\" rel=\"noopener\">www.cofepasa.com<\/a><\/li><li><b>Agrosemillas S.L.:<\/b> Empresa con sede en El Peral (Cuenca) dedicada a la fabricaci\u00f3n y comercializaci\u00f3n de semillas y distribuci\u00f3n de fertilizantes. <a href=\"http:\/\/www.agrosemillas.net\" target=\"_blank\" rel=\"noopener\">www.agrosemillas.net<\/a><\/li><li><b>Green Grain S.L.:<\/b> Empresa con sede en Bocairent (Valencia) dedicada a la fabricaci\u00f3n y exportaci\u00f3n de forrajes para animales. <a href=\"http:\/\/www.greenandgrain.es\" target=\"_blank\" rel=\"noopener\">www.greenandgrain.es<\/a><\/li><li><b>Manfer Iberian S.L.:<\/b> F\u00e1brica con sede en El Salobral (Albacete) dedicada a la fabricaci\u00f3n de fertilizantes ecol\u00f3gicos en formato pellet.<\/li><\/ul>\t\t\t\t\t\t\t\t<\/div>\n\t\t\t\t<\/div>\n\t\t\t\t\t<\/div>\n\t\t<\/div>\n\t\t\t\t\t<\/div>\n\t\t<\/section>\n\t\t\t\t<section class=\"elementor-section elementor-top-section elementor-element elementor-element-1cf8f8f3 elementor-section-boxed elementor-section-height-default elementor-section-height-default\" data-id=\"1cf8f8f3\" data-element_type=\"section\" data-settings=\"{&quot;background_background&quot;:&quot;classic&quot;}\">\n\t\t\t\t\t\t<div class=\"elementor-container elementor-column-gap-default\">\n\t\t\t\t\t<div class=\"elementor-column elementor-col-100 elementor-top-column elementor-element elementor-element-4d30751b\" data-id=\"4d30751b\" data-element_type=\"column\">\n\t\t\t<div class=\"elementor-widget-wrap elementor-element-populated\">\n\t\t\t\t\t\t<div class=\"elementor-element elementor-element-5f9c40fb elementor-widget elementor-widget-heading\" data-id=\"5f9c40fb\" data-element_type=\"widget\" data-widget_type=\"heading.default\">\n\t\t\t\t<div class=\"elementor-widget-container\">\n\t\t\t\t\t<h2 class=\"elementor-heading-title elementor-size-default\">\u00bfHablamos?, cu\u00e9ntanos tus necesidades<\/h2>\t\t\t\t<\/div>\n\t\t\t\t<\/div>\n\t\t\t\t<div class=\"elementor-element elementor-element-66ce3060 elementor-widget elementor-widget-shortcode\" data-id=\"66ce3060\" data-element_type=\"widget\" data-widget_type=\"shortcode.default\">\n\t\t\t\t<div class=\"elementor-widget-container\">\n\t\t\t\t\t\t\t<div class=\"elementor-shortcode\">\n<div class=\"wpcf7 no-js\" id=\"wpcf7-f636-o1\" lang=\"es-ES\" dir=\"ltr\" data-wpcf7-id=\"636\">\n<div class=\"screen-reader-response\"><p role=\"status\" aria-live=\"polite\" aria-atomic=\"true\"><\/p> <ul><\/ul><\/div>\n<form action=\"\/es\/wp-json\/wp\/v2\/pages\/642#wpcf7-f636-o1\" method=\"post\" class=\"wpcf7-form init\" aria-label=\"Formulario de contacto\" novalidate=\"novalidate\" data-status=\"init\">\n<fieldset class=\"hidden-fields-container\"><input type=\"hidden\" name=\"_wpcf7\" value=\"636\" \/><input type=\"hidden\" name=\"_wpcf7_version\" value=\"6.1\" \/><input type=\"hidden\" name=\"_wpcf7_locale\" value=\"es_ES\" \/><input type=\"hidden\" name=\"_wpcf7_unit_tag\" value=\"wpcf7-f636-o1\" \/><input type=\"hidden\" name=\"_wpcf7_container_post\" value=\"0\" \/><input type=\"hidden\" name=\"_wpcf7_posted_data_hash\" value=\"\" \/>\n<\/fieldset>\n<div id=\"formcontainer\">\n\t<div class=\"threefila\">\n\t\t<p><span class=\"wpcf7-form-control-wrap\" data-name=\"your-name\"><input size=\"40\" maxlength=\"400\" class=\"wpcf7-form-control wpcf7-text wpcf7-validates-as-required elementinput\" aria-required=\"true\" aria-invalid=\"false\" placeholder=\"Nombre*\" value=\"\" type=\"text\" name=\"your-name\" \/><\/span><br \/>\n<span class=\"wpcf7-form-control-wrap\" data-name=\"apellido1\"><input size=\"40\" maxlength=\"400\" class=\"wpcf7-form-control wpcf7-text elementinput\" aria-invalid=\"false\" placeholder=\"Apellido*\" value=\"\" type=\"text\" name=\"apellido1\" \/><\/span><br \/>\n<span class=\"wpcf7-form-control-wrap\" data-name=\"apellido2\"><input size=\"40\" maxlength=\"400\" class=\"wpcf7-form-control wpcf7-text elementinput\" aria-invalid=\"false\" placeholder=\"Segundo apellido\" value=\"\" type=\"text\" name=\"apellido2\" \/><\/span>\n\t\t<\/p>\n\t<\/div>\n\t<div class=\"twoxfila\">\n\t\t<p><span class=\"wpcf7-form-control-wrap\" data-name=\"telefono\"><input size=\"40\" maxlength=\"400\" class=\"wpcf7-form-control wpcf7-tel wpcf7-validates-as-required wpcf7-text wpcf7-validates-as-tel elementinput\" aria-required=\"true\" aria-invalid=\"false\" placeholder=\"Tel\u00e9fono*\" value=\"\" type=\"tel\" name=\"telefono\" \/><\/span><br \/>\n<span class=\"wpcf7-form-control-wrap\" data-name=\"email\"><input size=\"40\" maxlength=\"400\" class=\"wpcf7-form-control wpcf7-email wpcf7-validates-as-required wpcf7-text wpcf7-validates-as-email elementinput\" aria-required=\"true\" aria-invalid=\"false\" placeholder=\"Email*\" value=\"\" type=\"email\" name=\"email\" \/><\/span>\n\t\t<\/p>\n\t<\/div>\n\t<div class=\"onexfila\">\n\t\t<p><span class=\"wpcf7-form-control-wrap\" data-name=\"mensaje\"><textarea cols=\"40\" rows=\"10\" maxlength=\"2000\" class=\"wpcf7-form-control wpcf7-textarea elementtextarea\" aria-invalid=\"false\" placeholder=\"\u00bfC\u00f3mo podemos ayudarte?\" name=\"mensaje\"><\/textarea><\/span>\n\t\t<\/p>\n\t<\/div>\n\t<div class=\"twoxfila\">\n\t\t<p><span class=\"wpcf7-form-control-wrap\" data-name=\"acepto_form\"><span class=\"wpcf7-form-control wpcf7-acceptance\"><span class=\"wpcf7-list-item\"><label><input type=\"checkbox\" name=\"acepto_form\" value=\"1\" class=\"elementinput acepto\" aria-invalid=\"false\" \/><span class=\"wpcf7-list-item-label\">Acepto el tratamiento de mis datos personales <a href=\"politica-privacidad\/\" target=\"_blank\" rel=\"noopener\">(Ver condiciones)<\/a><span class=\"requiredform\">*<\/span>  <span class=\"politica_google\">Este sitio web est\u00e1 protegido por reCAPTCHA y Google <a href=\"https:\/\/policies.google.com\/privacy\" target=\"_blank\">Pol\u00edtica de privacidad<\/a> and <a href=\"https:\/\/policies.google.com\/terms\" target=\"_blank\">Condiciones de servicio aplicables.<\/a>\n<\/span><\/span><\/label><\/span><\/span><\/span>\n\t\t<\/p>\n\t\t<p><input class=\"wpcf7-form-control wpcf7-submit has-spinner btnform\" type=\"submit\" value=\"Enviar\" \/>\n\t\t<\/p>\n\t<\/div>\n<\/div><div class=\"wpcf7-response-output\" aria-hidden=\"true\"><\/div>\n<\/form>\n<\/div>\n<\/div>\n\t\t\t\t\t\t<\/div>\n\t\t\t\t<\/div>\n\t\t\t\t\t<\/div>\n\t\t<\/div>\n\t\t\t\t\t<\/div>\n\t\t<\/section>\n\t\t\t\t<\/div>\n\t\t","protected":false},"excerpt":{"rendered":"<p>Sobre nosotros Raw Trade, S.L. es una empresa fundada en 2006 por la familia Barrera, una familia con m\u00e1s de 80 a\u00f1os de presencia y experiencia en la industria de fertilizantes en Espa\u00f1a. Nuestros or\u00edgenes se remontan a 1940, con la creaci\u00f3n y gesti\u00f3n en Canarias de Industrias Qu\u00edmicas Canarias S.A. por Don Ismael Barrera [&hellip;]<\/p>\n","protected":false},"author":1,"featured_media":0,"parent":0,"menu_order":0,"comment_status":"closed","ping_status":"closed","template":"","meta":{"inline_featured_image":false,"footnotes":""},"class_list":["post-642","page","type-page","status-publish","hentry"],"_links":{"self":[{"href":"https:\/\/rawtrade.es\/es\/wp-json\/wp\/v2\/pages\/642","targetHints":{"allow":["GET"]}}],"collection":[{"href":"https:\/\/rawtrade.es\/es\/wp-json\/wp\/v2\/pages"}],"about":[{"href":"https:\/\/rawtrade.es\/es\/wp-json\/wp\/v2\/types\/page"}],"author":[{"embeddable":true,"href":"https:\/\/rawtrade.es\/es\/wp-json\/wp\/v2\/users\/1"}],"replies":[{"embeddable":true,"href":"https:\/\/rawtrade.es\/es\/wp-json\/wp\/v2\/comments?post=642"}],"version-history":[{"count":6,"href":"https:\/\/rawtrade.es\/es\/wp-json\/wp\/v2\/pages\/642\/revisions"}],"predecessor-version":[{"id":648,"href":"https:\/\/rawtrade.es\/es\/wp-json\/wp\/v2\/pages\/642\/revisions\/648"}],"wp:attachment":[{"href":"https:\/\/rawtrade.es\/es\/wp-json\/wp\/v2\/media?parent=642"}],"curies":[{"name":"wp","href":"https:\/\/api.w.org\/{rel}","templated":true}]}}